{"id":21,"date":"2026-03-20T11:17:25","date_gmt":"2026-03-20T09:17:25","guid":{"rendered":"https:\/\/reframethestory.eu\/?page_id=21"},"modified":"2026-04-01T15:14:44","modified_gmt":"2026-04-01T13:14:44","slug":"home","status":"publish","type":"page","link":"https:\/\/reframethestory.eu\/et\/","title":{"rendered":"Home"},"content":{"rendered":"<div class=\"et_pb_section_0 et_pb_section et_section_regular et_flex_section home-header\">\n<div class=\"et_pb_row_0 et_pb_row et_flex_row preset--module--divi-row--default\">\n<div class=\"et_pb_column_0 et_pb_column et-last-child et_block_column et_pb_css_mix_blend_mode_passthrough et_flex_column_24_24 et_flex_column_24_24_tablet\">\n<div class=\"et_pb_text_0 et_pb_text et_pb_bg_layout_light et_pb_module et_block_module highlight-text preset--module--divi-text--bugqgxuc27 preset--module--divi-text--3trbkcdfn8\"><div class=\"et_pb_text_inner\"><p>Rewriting History to Shape the Critical Thinkers of Tomorrow<\/p>\n<\/div><\/div>\n\n<div class=\"et_pb_text_1 et_pb_text et_pb_bg_layout_dark et_pb_module et_block_module preset--group--divi-text--divi-font-body--v9doagy7oe preset--module--divi-text--default\"><div class=\"et_pb_text_inner\"><p>An Erasmus+ project to foster critical thinking, creativity and inclusion in schools.<\/p>\n<p><!-- wp:divi\/placeholder \/--><\/p>\n<\/div><\/div>\n<\/div>\n<\/div>\n<\/div>\n\n<div class=\"et_pb_section_1 et_pb_section et_section_regular et_block_section\">\n<div class=\"et_pb_row_1 et_pb_row et_block_row preset--module--divi-row--default\">\n<div class=\"et_pb_column_1 et_pb_column et_pb_column_4_4 et-last-child et_block_column et_pb_css_mix_blend_mode_passthrough\">\n<div class=\"et_pb_text_2 et_pb_text et_pb_bg_layout_light et_pb_module et_block_module highlight-text preset--module--divi-text--bugqgxuc27 preset--module--divi-text--3trbkcdfn8\"><div class=\"et_pb_text_inner\"><h2>About<\/h2>\n<\/div><\/div>\n\n<div class=\"et_pb_text_3 et_pb_text et_pb_bg_layout_dark et_pb_module et_block_module preset--module--divi-text--default\"><div class=\"et_pb_text_inner\"><p><strong>What if<\/strong> the French Revolution had failed?<br \/>\n<strong>What if<\/strong> women had gained the right to vote in the Middle Ages?<br \/>\n<strong>What if<\/strong> a major invention had never existed?<br \/>\n<!-- wp:divi\/placeholder \/--><\/p>\n<\/div><\/div>\n\n<div class=\"et_pb_text_4 et_pb_text et_pb_bg_layout_dark et_pb_module et_block_module preset--group--divi-text--divi-font-body--v9doagy7oe preset--module--divi-text--default\"><div class=\"et_pb_text_inner\"><p>The European project Reframe the Story invites pupils aged 8 to 15 to explore such questions by rewriting history through uchronia\u2014a powerful pedagogical tool that develops critical thinking, creativity and psychosocial skills.<\/p>\n<p><!-- wp:divi\/placeholder \/--><\/p>\n<\/div><\/div>\n\n<div class=\"et_pb_module et_pb_button_module_wrapper et_pb_button_0_wrapper preset--module--divi-button--cds7flsb2w_wrapper\"><a class=\"et_pb_button_0 et_pb_button et_pb_bg_layout_light et_pb_module et_flex_module preset--module--divi-button--cds7flsb2w\" href=\"\" aria-label=\"$variable({&quot;type&quot;:&quot;content&quot;,&quot;value&quot;:{&quot;name&quot;:&quot;loop_post_title&quot;,&quot;settings&quot;:{&quot;before&quot;:&quot;&quot;,&quot;after&quot;:&quot;&quot;,&quot;loop_position&quot;:&quot;&quot;}}})$\">Read more<\/a><\/div>\n<\/div>\n<\/div>\n<\/div>\n\n<div class=\"et_pb_section_2 et_pb_section et_section_regular et_block_section\">\n<div class=\"et_pb_row_2 et_pb_row et_block_row preset--module--divi-row--default\">\n<div class=\"et_pb_column_2 et_pb_column et_pb_column_4_4 et-last-child et_block_column et_pb_css_mix_blend_mode_passthrough\">\n<div class=\"et_pb_group_0 et_pb_group et_pb_module et_flex_group et_pb_css_mix_blend_mode_passthrough\">\n<div class=\"et_pb_text_5 et_pb_text et_pb_bg_layout_dark et_pb_module et_block_module highlight-text m--green-l preset--module--divi-text--arqtwlyrhj preset--module--divi-text--3trbkcdfn8\"><div class=\"et_pb_text_inner\"><h2>Latest news<\/h2>\n<\/div><\/div>\n\n<div class=\"et_pb_module et_pb_button_module_wrapper et_pb_button_1_wrapper preset--module--divi-button--cds7flsb2w_wrapper\"><a class=\"et_pb_button_1 et_pb_button et_pb_bg_layout_light et_pb_module et_flex_module preset--module--divi-button--cds7flsb2w\" href=\"https:\/\/reframethestory.eu\/et\/blog\/\" aria-label=\"$variable({&quot;type&quot;:&quot;content&quot;,&quot;value&quot;:{&quot;name&quot;:&quot;loop_post_title&quot;,&quot;settings&quot;:{&quot;before&quot;:&quot;&quot;,&quot;after&quot;:&quot;&quot;,&quot;loop_position&quot;:&quot;&quot;}}})$\">All news<\/a><\/div>\n<\/div>\n\n<div class=\"et_pb_group_1 et_pb_group et_pb_module et_flex_group et_pb_css_mix_blend_mode_passthrough\">\n<div class=\"et_pb_group_2 et_pb_group et-last-child et_pb_module et_flex_group et_pb_css_mix_blend_mode_passthrough et_clickable et_flex_column_12_24 et_flex_column_12_24_tablet et_flex_column_24_24_phone\" data-loop-item=\"0\">\n<article class=\"et_pb_group_3 et_pb_group et-last-child et_pb_module et_flex_group et_pb_css_mix_blend_mode_passthrough\">\n<div class=\"et_pb_group_4 et_pb_group et_pb_module et_flex_group et_pb_css_mix_blend_mode_passthrough\">\n<div class=\"et_pb_image_0 et_pb_image et_pb_image_sticky et_pb_module et_flex_module\"><span class=\"et_pb_image_wrap\"><img loading=\"lazy\" decoding=\"async\" src=\"https:\/\/reframethestory.eu\/wp-content\/uploads\/2026\/03\/history-tree-1024x576.jpeg\" title=\"history-tree\" width=\"1024\" height=\"576\" srcset=\"https:\/\/reframethestory.eu\/wp-content\/uploads\/2026\/03\/history-tree-980x551.jpeg 980w, https:\/\/reframethestory.eu\/wp-content\/uploads\/2026\/03\/history-tree-480x270.jpeg 480w\" sizes=\"(min-width: 0px) and (max-width: 480px) 480px, (min-width: 481px) and (max-width: 980px) 980px, (min-width: 981px) 1024px, 100vw\" class=\"wp-image-409\" \/><\/span><\/div>\n<\/div>\n\n<div class=\"et_pb_group_5 et_pb_group et-last-child et_pb_module et_flex_group et_pb_css_mix_blend_mode_passthrough\">\n<div class=\"et_pb_text_6 et_pb_text et_pb_bg_layout_light et_pb_module et_flex_module preset--module--divi-text--default\"><div class=\"et_pb_text_inner\"><p>20\/03\/2026<\/p>\n<\/div><\/div>\n\n<div class=\"et_pb_text_7 et_pb_text et_pb_bg_layout_light et_pb_module et_flex_module preset--module--divi-text--default\"><div class=\"et_pb_text_inner\"><h3>Ajaloo \u00fcmberkirjutamine: j\u00e4rgmise p\u00f5lvkonna v\u00f5imestamine projektiga \u201eMuuda ajalugu\u201d<\/h3>\n<\/div><\/div>\n\n<div class=\"et_pb_text_8 et_pb_text et_pb_bg_layout_light et_pb_module et_flex_module preset--module--divi-text--default\"><div class=\"et_pb_text_inner\"><p>Kas sa oled kunagi m\u00f5elnud, milline oleks maailm, kui \u00fcksainus ajalooline s\u00fcndmus oleks kulgenud teisiti? Mis oleks juhtunud, kui kaotatud lahing oleks v\u00f5idetud v\u00f5i murrangulist leiutist polekski kunagi loodud? See k\u00fcsimus on innovaatilise Erasmus+ projekti \u201eReframe the Story\u201d fookuses. Projekti eesm\u00e4rk on muuta klassiruumid kriitilise m\u00f5tlemise, meediap\u00e4devuse ja loova uurimise keskusteks. Kasutades uchronia kontseptsiooni (alternatiivne [&hellip;]<\/p>\n<\/div><\/div>\n\n<div class=\"et_pb_module et_pb_button_module_wrapper et_pb_button_2_wrapper preset--module--divi-button--cds7flsb2w_wrapper\"><a class=\"et_pb_button_2 et_pb_button et_pb_bg_layout_light et_pb_module et_flex_module preset--module--divi-button--cds7flsb2w\" href=\"https:\/\/reframethestory.eu\/et\/blogi\/ajaloo-umberkirjutamine-jargmise-polvkonna-voimestamine-projektiga-muuda-ajalugu\/\" aria-label=\"Ajaloo \u00fcmberkirjutamine: j\u00e4rgmise p\u00f5lvkonna v\u00f5imestamine projektiga \u201eMuuda ajalugu\u201d\">Read more<\/a><\/div>\n<\/div>\n<\/article>\n<\/div>\n<\/div>\n\n<div class=\"et_pb_module et_pb_button_module_wrapper et_pb_button_3_wrapper preset--module--divi-button--cds7flsb2w_wrapper\"><a class=\"et_pb_button_3 et_pb_button et_pb_bg_layout_light et_pb_module et_flex_module preset--module--divi-button--cds7flsb2w\" href=\"https:\/\/reframethestory.eu\/et\/blog\/\" aria-label=\"$variable({&quot;type&quot;:&quot;content&quot;,&quot;value&quot;:{&quot;name&quot;:&quot;loop_post_title&quot;,&quot;settings&quot;:{&quot;before&quot;:&quot;&quot;,&quot;after&quot;:&quot;&quot;,&quot;loop_position&quot;:&quot;&quot;}}})$\">All news<\/a><\/div>\n<\/div>\n<\/div>\n<\/div>\n\n\n\n<div class=\"et_pb_section_4 et_pb_section et_section_regular et_block_section\">\n<div class=\"et_pb_row_4 et_pb_row et_block_row preset--module--divi-row--default\">\n<div class=\"et_pb_column_4 et_pb_column et_pb_column_4_4 et-last-child et_block_column et_pb_css_mix_blend_mode_passthrough\">\n<div class=\"et_pb_text_14 et_pb_text et_pb_bg_layout_light et_pb_module et_block_module highlight-text m--green preset--module--divi-text--3trbkcdfn8 preset--module--divi-text--fvp9oyo6c6\"><div class=\"et_pb_text_inner\"><h2>The project partners<\/h2>\n<\/div><\/div>\n\n<div class=\"et_pb_group_9 et_pb_group et-last-child et_pb_module et_flex_group et_pb_css_mix_blend_mode_passthrough\">\n<div class=\"et_pb_image_1 et_pb_image et_pb_module et_flex_module preset--module--divi-image--hxkcflhwqr\"><span class=\"et_pb_image_wrap\"><img loading=\"lazy\" decoding=\"async\" src=\"https:\/\/reframethestory.eu\/wp-content\/uploads\/2026\/03\/les-apprimeurs.png\" width=\"380\" height=\"86\" srcset=\"https:\/\/reframethestory.eu\/wp-content\/uploads\/2026\/03\/les-apprimeurs.png 380w, https:\/\/reframethestory.eu\/wp-content\/uploads\/2026\/03\/les-apprimeurs-300x68.png 300w\" sizes=\"(max-width: 380px) 100vw, 380px\" class=\"wp-image-231\" title=\"les-apprimeurs\" alt=\"Les Apprimeurs\" \/><\/span><\/div>\n\n<div class=\"et_pb_image_2 et_pb_image et_pb_module et_flex_module preset--module--divi-image--hxkcflhwqr\"><span class=\"et_pb_image_wrap\"><img loading=\"lazy\" decoding=\"async\" src=\"https:\/\/reframethestory.eu\/wp-content\/uploads\/2026\/03\/european-litteracy-for-all-network.png\" title=\"european- litteracy-for-all- network\" width=\"264\" height=\"86\" srcset=\"https:\/\/reframethestory.eu\/wp-content\/uploads\/2026\/03\/european-litteracy-for-all-network.png 264w\" sizes=\"(max-width: 264px) 100vw, 264px\" class=\"wp-image-230\" alt=\"Les Apprimeurs\" \/><\/span><\/div>\n\n<div class=\"et_pb_image_3 et_pb_image et_pb_module et_flex_module preset--module--divi-image--hxkcflhwqr\"><span class=\"et_pb_image_wrap\"><img loading=\"lazy\" decoding=\"async\" src=\"https:\/\/reframethestory.eu\/wp-content\/uploads\/2026\/03\/narva-pahklimae-kool.png\" alt=\"Narva P\u00e4hklim\u00e4e Kool\" title=\"narva-pahklimae-kool\" width=\"185\" height=\"189\" srcset=\"https:\/\/reframethestory.eu\/wp-content\/uploads\/2026\/03\/narva-pahklimae-kool.png 185w\" sizes=\"(max-width: 185px) 100vw, 185px\" class=\"wp-image-233\" \/><\/span><\/div>\n\n<div class=\"et_pb_image_4 et_pb_image et_pb_module et_flex_module preset--module--divi-image--hxkcflhwqr\"><span class=\"et_pb_image_wrap\"><img loading=\"lazy\" decoding=\"async\" src=\"https:\/\/reframethestory.eu\/wp-content\/uploads\/2026\/03\/scoala-gimnaziala-nr-7-galati.png\" alt=\"Scoala Gimnaziala Nr. 7 Galati\" title=\"scoala-gimnaziala-nr-7-galati\" width=\"170\" height=\"180\" srcset=\"https:\/\/reframethestory.eu\/wp-content\/uploads\/2026\/03\/scoala-gimnaziala-nr-7-galati.png 170w\" sizes=\"(max-width: 170px) 100vw, 170px\" class=\"wp-image-234\" \/><\/span><\/div>\n\n<div class=\"et_pb_image_5 et_pb_image et_pb_module et_flex_module preset--module--divi-image--hxkcflhwqr\"><span class=\"et_pb_image_wrap\"><img loading=\"lazy\" decoding=\"async\" src=\"https:\/\/reframethestory.eu\/wp-content\/uploads\/2026\/04\/41st-school-st-patriarch-evtimii.png\" alt=\"41st school St. Patriarch Evtimii\" title=\"41st-school-st-patriarch-evtimii\" width=\"354\" height=\"141\" srcset=\"https:\/\/reframethestory.eu\/wp-content\/uploads\/2026\/04\/41st-school-st-patriarch-evtimii.png 354w, https:\/\/reframethestory.eu\/wp-content\/uploads\/2026\/04\/41st-school-st-patriarch-evtimii-300x119.png 300w\" sizes=\"(max-width: 354px) 100vw, 354px\" class=\"wp-image-522\" \/><\/span><\/div>\n<\/div>\n<\/div>\n<\/div>\n<\/div>","protected":false},"excerpt":{"rendered":"","protected":false},"author":1,"featured_media":0,"parent":0,"menu_order":0,"comment_status":"closed","ping_status":"closed","template":"","meta":{"_acf_changed":false,"footnotes":""},"class_list":["post-21","page","type-page","status-publish","hentry"],"acf":[],"_links":{"self":[{"href":"https:\/\/reframethestory.eu\/et\/wp-json\/wp\/v2\/pages\/21","targetHints":{"allow":["GET"]}}],"collection":[{"href":"https:\/\/reframethestory.eu\/et\/wp-json\/wp\/v2\/pages"}],"about":[{"href":"https:\/\/reframethestory.eu\/et\/wp-json\/wp\/v2\/types\/page"}],"author":[{"embeddable":true,"href":"https:\/\/reframethestory.eu\/et\/wp-json\/wp\/v2\/users\/1"}],"replies":[{"embeddable":true,"href":"https:\/\/reframethestory.eu\/et\/wp-json\/wp\/v2\/comments?post=21"}],"version-history":[{"count":184,"href":"https:\/\/reframethestory.eu\/et\/wp-json\/wp\/v2\/pages\/21\/revisions"}],"predecessor-version":[{"id":571,"href":"https:\/\/reframethestory.eu\/et\/wp-json\/wp\/v2\/pages\/21\/revisions\/571"}],"wp:attachment":[{"href":"https:\/\/reframethestory.eu\/et\/wp-json\/wp\/v2\/media?parent=21"}],"curies":[{"name":"wp","href":"https:\/\/api.w.org\/{rel}","templated":true}]}}