{"id":17,"date":"2026-03-20T11:17:02","date_gmt":"2026-03-20T09:17:02","guid":{"rendered":"https:\/\/reframethestory.eu\/?page_id=17"},"modified":"2026-03-26T12:06:37","modified_gmt":"2026-03-26T10:06:37","slug":"blog","status":"publish","type":"page","link":"https:\/\/reframethestory.eu\/fr\/blog\/","title":{"rendered":"Blog"},"content":{"rendered":"<div class=\"et_pb_section_0 et_pb_section et_section_regular et_block_section\">\n<div class=\"et_pb_row_0 et_pb_row et_block_row preset--module--divi-row--default\">\n<div class=\"et_pb_column_0 et_pb_column et_pb_column_4_4 et-last-child et_block_column et_pb_css_mix_blend_mode_passthrough\">\n<div class=\"et_pb_post_title_0 et_pb_post_title et_pb_bg_layout_light et_pb_module et_flex_module highlight-text m--green-l preset--module--divi-post-title--3hlxgad01l preset--module--divi-post-title--i86yrgtxbi\"><div class=\"et_pb_title_container\"><h1 class=\"entry-title\">Blog<\/h1><\/div><\/div>\n\n<div class=\"et_pb_group_0 et_pb_group et-last-child et_pb_module et_flex_group et_pb_css_mix_blend_mode_passthrough\">\n<div class=\"et_pb_group_1 et_pb_group et-last-child et_pb_module et_flex_group et_pb_css_mix_blend_mode_passthrough et_clickable et_flex_column_12_24 et_flex_column_12_24_tablet et_flex_column_12_24_phone\" data-loop-item=\"0\">\n<article class=\"et_pb_group_2 et_pb_group et-last-child et_pb_module et_flex_group et_pb_css_mix_blend_mode_passthrough\">\n<div class=\"et_pb_group_3 et_pb_group et_pb_module et_flex_group et_pb_css_mix_blend_mode_passthrough\">\n<div class=\"et_pb_image_0 et_pb_image et_pb_image_sticky et_pb_module et_flex_module\"><span class=\"et_pb_image_wrap\"><img loading=\"lazy\" decoding=\"async\" src=\"https:\/\/reframethestory.eu\/wp-content\/uploads\/2026\/03\/history-tree-1024x576.jpeg\" title=\"history-tree\" width=\"1024\" height=\"576\" srcset=\"https:\/\/reframethestory.eu\/wp-content\/uploads\/2026\/03\/history-tree-980x551.jpeg 980w, https:\/\/reframethestory.eu\/wp-content\/uploads\/2026\/03\/history-tree-480x270.jpeg 480w\" sizes=\"(min-width: 0px) and (max-width: 480px) 480px, (min-width: 481px) and (max-width: 980px) 980px, (min-width: 981px) 1024px, 100vw\" class=\"wp-image-409\" \/><\/span><\/div>\n<\/div>\n\n<div class=\"et_pb_group_4 et_pb_group et-last-child et_pb_module et_flex_group et_pb_css_mix_blend_mode_passthrough\">\n<div class=\"et_pb_text_0 et_pb_text et_pb_bg_layout_light et_pb_module et_flex_module preset--module--divi-text--default\"><div class=\"et_pb_text_inner\"><p>20\/03\/2026<\/p>\n<\/div><\/div>\n\n<div class=\"et_pb_text_1 et_pb_text et_pb_bg_layout_light et_pb_module et_flex_module preset--module--divi-text--default\"><div class=\"et_pb_text_inner\"><h3>R\u00e9\u00e9crivons l\u2019histoire ! Former les jeunes et renforcer leur esprit critique avec le projet \u00ab Reframe the Story \u00bb<\/h3>\n<\/div><\/div>\n\n<div class=\"et_pb_text_2 et_pb_text et_pb_bg_layout_light et_pb_module et_flex_module preset--module--divi-text--default\"><div class=\"et_pb_text_inner\"><p>Vous \u00eates-vous d\u00e9j\u00e0 demand\u00e9 \u00e0 quoi ressemblerait le monde si un seul \u00e9v\u00e9nement historique s&rsquo;\u00e9tait d\u00e9roul\u00e9 diff\u00e9remment ? Si une bataille perdue avait \u00e9t\u00e9 remport\u00e9e, ou si une invention r\u00e9volutionnaire n&rsquo;avait jamais vu le jour ? Cette question est au c\u0153ur de Reframe the Story, un projet Erasmus+ innovant con\u00e7u pour transformer les salles de [&hellip;]<\/p>\n<\/div><\/div>\n\n<div class=\"et_pb_module et_pb_button_module_wrapper et_pb_button_0_wrapper preset--module--divi-button--cds7flsb2w_wrapper\"><a class=\"et_pb_button_0 et_pb_button et_pb_bg_layout_light et_pb_module et_flex_module preset--module--divi-button--cds7flsb2w\" href=\"https:\/\/reframethestory.eu\/fr\/blog\/reecrivons-lhistoire-former-les-jeunes-et-renforcer-leur-esprit-critique-avec-le-projet-reframe-the-story\/\" aria-label=\"R\u00e9\u00e9crivons l\u2019histoire ! Former les jeunes et renforcer leur esprit critique avec le projet \u00ab Reframe the Story \u00bb\">Read more<\/a><\/div>\n<\/div>\n<\/article>\n<\/div>\n<\/div>\n<\/div>\n<\/div>\n<\/div>","protected":false},"excerpt":{"rendered":"","protected":false},"author":1,"featured_media":0,"parent":0,"menu_order":0,"comment_status":"closed","ping_status":"closed","template":"","meta":{"_acf_changed":false,"footnotes":""},"class_list":["post-17","page","type-page","status-publish","hentry"],"acf":[],"_links":{"self":[{"href":"https:\/\/reframethestory.eu\/fr\/wp-json\/wp\/v2\/pages\/17","targetHints":{"allow":["GET"]}}],"collection":[{"href":"https:\/\/reframethestory.eu\/fr\/wp-json\/wp\/v2\/pages"}],"about":[{"href":"https:\/\/reframethestory.eu\/fr\/wp-json\/wp\/v2\/types\/page"}],"author":[{"embeddable":true,"href":"https:\/\/reframethestory.eu\/fr\/wp-json\/wp\/v2\/users\/1"}],"replies":[{"embeddable":true,"href":"https:\/\/reframethestory.eu\/fr\/wp-json\/wp\/v2\/comments?post=17"}],"version-history":[{"count":11,"href":"https:\/\/reframethestory.eu\/fr\/wp-json\/wp\/v2\/pages\/17\/revisions"}],"predecessor-version":[{"id":396,"href":"https:\/\/reframethestory.eu\/fr\/wp-json\/wp\/v2\/pages\/17\/revisions\/396"}],"wp:attachment":[{"href":"https:\/\/reframethestory.eu\/fr\/wp-json\/wp\/v2\/media?parent=17"}],"curies":[{"name":"wp","href":"https:\/\/api.w.org\/{rel}","templated":true}]}}